{"id":1749,"date":"2016-02-24T10:56:09","date_gmt":"2016-02-24T10:56:09","guid":{"rendered":"http:\/\/sktthemesdemo.net\/complete\/?page_id=1749"},"modified":"2021-05-07T09:24:43","modified_gmt":"2021-05-07T07:24:43","slug":"services","status":"publish","type":"page","link":"https:\/\/cso.biz.pl\/?page_id=1749","title":{"rendered":"Services"},"content":{"rendered":"<div class=\"skt-builder-block-wrapper skt-builder-home-section3-block skt-builder-home-section3-block-31\" style=\"background-color: #f6f6f6;  padding-bottom: 80px; padding-top: 110px; \">\r\n\t<div class=\"skt-builder-block-inner skt-builder-block-inner-31\" style=\"\">\r\n\t\t<div class=\"skt-builder-container\">\r\n\t\t\t\t<div class=\"skt-builder-block-title\" style=\"text-align: center; \">\r\n\t\t\t\t\t<h2 style=\"color: #444444; font-size: 25px; margin-bottom: 50px; text-align: center;\">W KILKU PROSTYCH KROKACH JAK PRACUJEMY \r\n                    <div class=\"clear\"><\/div>\r\n                    <div class=\"titleborder\" style=\"float:center; border-color:#3dbad5;\"><\/div>\r\n                    <div class=\"clear\"><\/div>\r\n                    <\/h2>\r\n\t\t\t\t<\/div>\r\n\t\t\t<div class=\"skt-builder-columns-row skt-builder-columns-row-3column\">\r\n\t\t\t\t\t<div class=\"skt-builder-column skt-builder-shape-column skt-builder-shape-column-33\">                    \r\n\t\t\t\t\t<style>                                \r\n                       .skt-builder-shape-column-33 .skt-builder-column-bg{background:#ffffff;}\r\n                       .skt-builder-shape-column-33 .skt-builder-column-bg:hover{background:#39b4ce;}\r\n                       .skt-builder-shape-column-33:hover .diamondshapeicon span,\r\n                       .skt-builder-shape-column-33:hover .skt-builder-shape-column-title,\r\n                       .skt-builder-shape-column-33:hover .skt-builder-shape-column-text{color:#ffffff !important;}\r\n                    <\/style>\r\n                    <div class=\"skt-builder-column-bg\"  style=\"padding:50px 15px;\" >\r\n                        \r\n                                <div class=\"skt-builder-column-inner\">\r\n                                    <div class=\"diamondshapeicon\"><span class=\"fa fa-user\" style=\"color:#222222;\"><\/span><\/div>\r\n                                    <h4 class=\"skt-builder-shape-column-title\" style=\"color: #444444;\">Analiza problemu<\/h4>\r\n                                    <div class=\"skt-builder-shape-column-text\" style=\"color: #7b7b7b;\"><p>Wiemy o tym, \u017ce aby dobrze wykona\u0107 projekt IT, nale\u017cy w pierwszej kolejno\u015bci zrozumie\u0107 domen\u0119 klienta. Dlatego tez na pocz\u0105tku wsp\u00f3\u0142pracy staramy si\u0119 dobrze pozna\u0107 potrzeby, zrozumie\u0107 dlaczego projekt ma zosta\u0107 stworzony , jakie potrzeby ma spe\u0142nia\u0107 oraz jakie cele ma osi\u0105gn\u0105\u0107. Na tym etapie wsp\u00f3\u0142pracy przeprowadzamy szereg spotka\u0144 warsztat\u00f3w.<\/p><\/div>\r\n                                <\/div>\r\n                        \r\n                     <\/div><!-- skt-builder-column-bg -->\r\n\t\t\t\t\t<\/div>                    \r\n\t\t\t\t\t<div class=\"skt-builder-column skt-builder-shape-column skt-builder-shape-column-37\">                    \r\n\t\t\t\t\t<style>                                \r\n                       .skt-builder-shape-column-37 .skt-builder-column-bg{background:#ffffff;}\r\n                       .skt-builder-shape-column-37 .skt-builder-column-bg:hover{background:#39b4ce;}\r\n                       .skt-builder-shape-column-37:hover .diamondshapeicon span,\r\n                       .skt-builder-shape-column-37:hover .skt-builder-shape-column-title,\r\n                       .skt-builder-shape-column-37:hover .skt-builder-shape-column-text{color:#ffffff !important;}\r\n                    <\/style>\r\n                    <div class=\"skt-builder-column-bg\"  style=\"padding:50px 15px;\" >\r\n                        \r\n                                <div class=\"skt-builder-column-inner\">\r\n                                    <div class=\"diamondshapeicon\"><span class=\"fa fa-star\" style=\"color:#222222;\"><\/span><\/div>\r\n                                    <h4 class=\"skt-builder-shape-column-title\" style=\"color: #444444;\">Etap pracy projektowej<\/h4>\r\n                                    <div class=\"skt-builder-shape-column-text\" style=\"color: #7b7b7b;\"><p>Przyst\u0119pujemy do etapu produkcyjnego , w kt\u00f3rym w spos\u00f3b iteracyjny dostarczamy kawa\u0142ek po kawa\u0142ku ca\u0142e rozwi\u0105zanie. Pracujemy zgodnie z najlepszymi metodykami pracy , dzi\u0119ki temu nasza praca jest transparentna dla klienta . <\/p><\/div>\r\n                                <\/div>\r\n                        \r\n                     <\/div><!-- skt-builder-column-bg -->\r\n\t\t\t\t\t<\/div>                    \r\n\t\t\t\t\t<div class=\"skt-builder-column skt-builder-shape-column skt-builder-shape-column-40\">                    \r\n\t\t\t\t\t<style>                                \r\n                       .skt-builder-shape-column-40 .skt-builder-column-bg{background:#ffffff;}\r\n                       .skt-builder-shape-column-40 .skt-builder-column-bg:hover{background:#39b4ce;}\r\n                       .skt-builder-shape-column-40:hover .diamondshapeicon span,\r\n                       .skt-builder-shape-column-40:hover .skt-builder-shape-column-title,\r\n                       .skt-builder-shape-column-40:hover .skt-builder-shape-column-text{color:#ffffff !important;}\r\n                    <\/style>\r\n                    <div class=\"skt-builder-column-bg\"  style=\"padding:50px 15px;\" >\r\n                        \r\n                                <div class=\"skt-builder-column-inner\">\r\n                                    <div class=\"diamondshapeicon\"><span class=\"fa fa-paper-plane\" style=\"color:#222222;\"><\/span><\/div>\r\n                                    <h4 class=\"skt-builder-shape-column-title\" style=\"color: #444444;\">MVP projektu oraz etap testowania<\/h4>\r\n                                    <div class=\"skt-builder-shape-column-text\" style=\"color: #7b7b7b;\"><p>Na tym etapie zostaje dostarczone testowe rozwi\u0105zanie , kt\u00f3re zawiera wszelkie kluczowe wymagania. Dzi\u0119ki temu mo\u017cna szybko sprawdzi\u0107 i zweryfikowa\u0107 dzia\u0142ania . Wa\u017cnym elementem etapu jets testowanie- ka\u017cde nasze rozwi\u0105zanie  przechodzi szereg test\u00f3w jako\u015bciowych oraz test\u00f3w bezpiecze\u0144stwa.<\/p><\/div>\r\n                                <\/div>\r\n                        \r\n                     <\/div><!-- skt-builder-column-bg -->\r\n\t\t\t\t\t<\/div>                    \r\n\t\t\t<\/div>\r\n\t\t<\/div>\r\n\t<\/div>\r\n<\/div>\r\n\r\n<script>\r\njQuery(document).ready(function() {\r\n    jQuery('p').each(function() {\r\n        var $this = jQuery(this);\r\n        if($this.html().replace(\/s|&nbsp;\/g, '').length == 0) {\r\n            $this.remove();\r\n        }\r\n    });\r\n});\r\n\r\njQuery(document).ready(function() {\r\n    jQuery('p').each(function() {\r\n        var $this = jQuery(this);\r\n        if($this.html().replace(\/s|<br>\/g, '').length == 0) {\r\n            $this.remove();\r\n        }\r\n    });\r\n});\r\n<\/script><!-- sktbuilder starter --><script type=\"text\/javascript\" src=\"https:\/\/cso.biz.pl\/wp-content\/plugins\/skt-builder\/sktbuilder\/sktbuilder-frontend-starter.js\"><\/script><script type=\"text\/javascript\" src=\"https:\/\/cso.biz.pl\/wp-content\/plugins\/skt-builder\/sktbuilder-wordpress-driver.js\"><\/script><script type=\"text\/javascript\"> var starter = new SktbuilderStarter({\"mode\": \"prod\", \"skip\":[\"jquery\",\"underscore\",\"backbone\"],\"sktbuilderUrl\": \"https:\/\/cso.biz.pl\/wp-content\/plugins\/skt-builder\/sktbuilder\/\", \"driver\": new SktbuilderWordpressDriver({\"ajaxUrl\": \"https:\/\/cso.biz.pl\/wp-admin\/admin-ajax.php\", \"iframeUrl\": \"https:\/\/cso.biz.pl\/?page_id=1749&sktbuilder=true\", \"pageId\": 1749,  \"nonce\": \"11d243417a\", \"pages\": [{\"title\":\"Home\",\"url\":\"https:\\\/\\\/cso.biz.pl\\\/wp-admin\\\/post.php?post=3881&action=sktbuilder\"}], \"page\": \"Services\" }) });<\/script><!-- end sktbuilder starter -->","protected":false},"excerpt":{"rendered":"<p>W KILKU PROSTYCH KROKACH JAK PRACUJEMY Analiza problemu Wiemy o tym, \u017ce aby dobrze wykona\u0107 projekt IT, nale\u017cy w pierwszej kolejno\u015bci zrozumie\u0107 domen\u0119 klienta. Dlatego tez na pocz\u0105tku wsp\u00f3\u0142pracy staramy si\u0119 dobrze pozna\u0107 potrzeby, zrozumie\u0107 dlaczego projekt ma zosta\u0107 stworzony , jakie potrzeby ma spe\u0142nia\u0107 oraz jakie cele ma osi\u0105gn\u0105\u0107. Na tym etapie wsp\u00f3\u0142pracy przeprowadzamy<br \/><a class=\"moretag\" href=\"https:\/\/cso.biz.pl\/?page_id=1749\">+ Read More<\/a><\/p>\n","protected":false},"author":1,"featured_media":3965,"parent":0,"menu_order":0,"comment_status":"closed","ping_status":"closed","template":"templates\/page-builder.php","meta":[],"_links":{"self":[{"href":"https:\/\/cso.biz.pl\/index.php?rest_route=\/wp\/v2\/pages\/1749"}],"collection":[{"href":"https:\/\/cso.biz.pl\/index.php?rest_route=\/wp\/v2\/pages"}],"about":[{"href":"https:\/\/cso.biz.pl\/index.php?rest_route=\/wp\/v2\/types\/page"}],"author":[{"embeddable":true,"href":"https:\/\/cso.biz.pl\/index.php?rest_route=\/wp\/v2\/users\/1"}],"replies":[{"embeddable":true,"href":"https:\/\/cso.biz.pl\/index.php?rest_route=%2Fwp%2Fv2%2Fcomments&post=1749"}],"version-history":[{"count":1,"href":"https:\/\/cso.biz.pl\/index.php?rest_route=\/wp\/v2\/pages\/1749\/revisions"}],"predecessor-version":[{"id":3942,"href":"https:\/\/cso.biz.pl\/index.php?rest_route=\/wp\/v2\/pages\/1749\/revisions\/3942"}],"wp:featuredmedia":[{"embeddable":true,"href":"https:\/\/cso.biz.pl\/index.php?rest_route=\/wp\/v2\/media\/3965"}],"wp:attachment":[{"href":"https:\/\/cso.biz.pl\/index.php?rest_route=%2Fwp%2Fv2%2Fmedia&parent=1749"}],"curies":[{"name":"wp","href":"https:\/\/api.w.org\/{rel}","templated":true}]}}