{"id":285,"date":"2016-02-24T09:07:24","date_gmt":"2016-02-24T09:07:24","guid":{"rendered":"http:\/\/sktthemesdemo.net\/complete\/?page_id=285"},"modified":"2021-04-26T19:58:09","modified_gmt":"2021-04-26T17:58:09","slug":"about-us","status":"publish","type":"page","link":"https:\/\/cso.biz.pl\/?page_id=285","title":{"rendered":"O Nas"},"content":{"rendered":"<p>Od 1999 r. z dum\u0105 pos\u0142ugujemy si\u0119 znakiem \u201eCentrum System\u00f3w Operacyjnych \u201d.\u00a0\u00a0Dzia\u0142ania przedsi\u0119biorstwa opiera si\u0119 o warto\u015bci, pod kt\u00f3rymi podpisujemy si\u0119 w\u0142asnym nazwiskiem:<br \/>\n\u2022 Wzajemne relacje<br \/>\n\u2022 Zaufanie<br \/>\n\u2022 Zaanga\u017cowanie<br \/>\n\u2022 Uczciwo\u015b\u0107<br \/>\n\u2022 Spo\u0142eczna Odpowiedzialno\u015b\u0107 Biznesu<\/p>\n<p>Razem tworzymy zgrany team, dla kt\u00f3rego liczy si\u0119 sumienna praca oraz etyczna postawa.<\/p>\n<p>R\u00f3wnolegle do powy\u017cszych firma od lat projektuje rozwi\u0105zania informatyczne dla szeroko poj\u0119tego \u015bwiata biznesu, przyczyniaj\u0105c si\u0119 do redukcji koszt\u00f3w prowadzenia dzia\u0142alno\u015bci przez swoich klient\u00f3w<\/p>\n<!-- sktbuilder starter --><script type=\"text\/javascript\" src=\"https:\/\/cso.biz.pl\/wp-content\/plugins\/skt-builder\/sktbuilder\/sktbuilder-frontend-starter.js\"><\/script><script type=\"text\/javascript\" src=\"https:\/\/cso.biz.pl\/wp-content\/plugins\/skt-builder\/sktbuilder-wordpress-driver.js\"><\/script><script type=\"text\/javascript\"> var starter = new SktbuilderStarter({\"mode\": \"prod\", \"skip\":[\"jquery\",\"underscore\",\"backbone\"],\"sktbuilderUrl\": \"https:\/\/cso.biz.pl\/wp-content\/plugins\/skt-builder\/sktbuilder\/\", \"driver\": new SktbuilderWordpressDriver({\"ajaxUrl\": \"https:\/\/cso.biz.pl\/wp-admin\/admin-ajax.php\", \"iframeUrl\": \"https:\/\/cso.biz.pl\/?page_id=285&sktbuilder=true\", \"pageId\": 285,  \"nonce\": \"65fbf514de\", \"pages\": [{\"title\":\"Services\",\"url\":\"https:\\\/\\\/cso.biz.pl\\\/wp-admin\\\/post.php?post=1749&action=sktbuilder\"},{\"title\":\"Home\",\"url\":\"https:\\\/\\\/cso.biz.pl\\\/wp-admin\\\/post.php?post=3881&action=sktbuilder\"}], \"page\": \"O Nas\" }) });<\/script><!-- end sktbuilder starter -->","protected":false},"excerpt":{"rendered":"<p>Od 1999 r. z dum\u0105 pos\u0142ugujemy si\u0119 znakiem \u201eCentrum System\u00f3w Operacyjnych \u201d.\u00a0\u00a0Dzia\u0142ania przedsi\u0119biorstwa opiera si\u0119 o warto\u015bci, pod kt\u00f3rymi podpisujemy si\u0119 w\u0142asnym nazwiskiem: \u2022 Wzajemne relacje \u2022 Zaufanie \u2022 Zaanga\u017cowanie \u2022 Uczciwo\u015b\u0107 \u2022 Spo\u0142eczna Odpowiedzialno\u015b\u0107 Biznesu Razem tworzymy zgrany team, dla kt\u00f3rego liczy si\u0119 sumienna praca oraz etyczna postawa. R\u00f3wnolegle do powy\u017cszych firma od lat<br \/><a class=\"moretag\" href=\"https:\/\/cso.biz.pl\/?page_id=285\">+ Read More<\/a><\/p>\n","protected":false},"author":1,"featured_media":2367,"parent":0,"menu_order":0,"comment_status":"closed","ping_status":"closed","template":"templates\/page-fullwidth_template.php","meta":[],"_links":{"self":[{"href":"https:\/\/cso.biz.pl\/index.php?rest_route=\/wp\/v2\/pages\/285"}],"collection":[{"href":"https:\/\/cso.biz.pl\/index.php?rest_route=\/wp\/v2\/pages"}],"about":[{"href":"https:\/\/cso.biz.pl\/index.php?rest_route=\/wp\/v2\/types\/page"}],"author":[{"embeddable":true,"href":"https:\/\/cso.biz.pl\/index.php?rest_route=\/wp\/v2\/users\/1"}],"replies":[{"embeddable":true,"href":"https:\/\/cso.biz.pl\/index.php?rest_route=%2Fwp%2Fv2%2Fcomments&post=285"}],"version-history":[{"count":2,"href":"https:\/\/cso.biz.pl\/index.php?rest_route=\/wp\/v2\/pages\/285\/revisions"}],"predecessor-version":[{"id":3941,"href":"https:\/\/cso.biz.pl\/index.php?rest_route=\/wp\/v2\/pages\/285\/revisions\/3941"}],"wp:featuredmedia":[{"embeddable":true,"href":"https:\/\/cso.biz.pl\/index.php?rest_route=\/wp\/v2\/media\/2367"}],"wp:attachment":[{"href":"https:\/\/cso.biz.pl\/index.php?rest_route=%2Fwp%2Fv2%2Fmedia&parent=285"}],"curies":[{"name":"wp","href":"https:\/\/api.w.org\/{rel}","templated":true}]}}